{"id":865,"date":"2026-02-04T19:48:20","date_gmt":"2026-02-04T19:48:20","guid":{"rendered":"https:\/\/riadmassiba-marrakech.net\/chambres-suites\/"},"modified":"2026-02-19T20:05:12","modified_gmt":"2026-02-19T20:05:12","slug":"chambres-suites","status":"publish","type":"page","link":"https:\/\/riadmassiba-marrakech.net\/fr\/chambres-suites\/","title":{"rendered":"Chambres &amp; Suites"},"content":{"rendered":"<h2 class=\"wp-block-heading\">Chambres &amp; Suites<\/h2>At Property Name, every room is a carefully curated retreat \u2014 a blend of timeless Moroccan elegance, modern comfort, and the quiet luxury of thoughtful details.<h2 class=\"wp-block-heading\">Votre sanctuaire d&rsquo;\u00e9l\u00e9gance<\/h2>At Property Name, every room is more than a place to sleep \u2014 it is a sanctuary designed to soothe the senses and inspire the spirit. Each space blends handcrafted Moroccan details with soft textures, natural light, and refined modern comforts. Whether you seek cozy intimacy or spacious elegance, you\u2019ll find a perfect retreat waiting for you.<figure class=\"wp-block-image size-large\"><img decoding=\"async\" src=\"http:\/\/riadmassiba-marrakech.net\/wp-content\/uploads\/2026\/02\/&#xA9;RIAD114-1-1024x683.webp\" alt=\"\" class=\"wp-image-1259\"\/><\/figure><figure class=\"wp-block-image size-large\"><img decoding=\"async\" src=\"http:\/\/riadmassiba-marrakech.net\/wp-content\/uploads\/2026\/02\/&#xA9;RIAD190-1536x1024-1-1024x683.webp\" alt=\"\" class=\"wp-image-1260\"\/><\/figure>{term_name}<figure class=\"wp-block-image size-large\"><a><img decoding=\"async\" src=\"http:\/\/riadmassiba-marrakech.net\/wp-content\/uploads\/2026\/02\/&#xA9;RIAD55-1024x683.webp\" alt=\"\" class=\"wp-image-1186\"\/><\/a><\/figure><h3 class=\"wp-block-heading\">{post_title}<\/h3>{post_excerpt}<div class=\"wp-block-buttons is-layout-flex wp-block-buttons-is-layout-flex\"><div class=\"wp-block-button\"><a class=\"wp-block-button__link\">Plus de d\u00e9tails<\/a><\/div><\/div>","protected":false},"excerpt":{"rendered":"<p>Dans cet \u00e9tablissement, chaque chambre est un refuge soigneusement am\u00e9nag\u00e9, un m\u00e9lange d&rsquo;\u00e9l\u00e9gance marocaine intemporelle, de confort moderne et de luxe discret gr\u00e2ce \u00e0 des d\u00e9tails bien pens\u00e9s.<\/p>\n","protected":false},"author":4,"featured_media":2647,"parent":0,"menu_order":0,"comment_status":"closed","ping_status":"closed","template":"","meta":{"_acf_changed":false,"footnotes":""},"class_list":["post-865","page","type-page","status-publish","has-post-thumbnail","hentry"],"acf":[],"_hostinger_reach_plugin_has_subscription_block":false,"_hostinger_reach_plugin_is_elementor":false,"_links":{"self":[{"href":"https:\/\/riadmassiba-marrakech.net\/fr\/wp-json\/wp\/v2\/pages\/865","targetHints":{"allow":["GET"]}}],"collection":[{"href":"https:\/\/riadmassiba-marrakech.net\/fr\/wp-json\/wp\/v2\/pages"}],"about":[{"href":"https:\/\/riadmassiba-marrakech.net\/fr\/wp-json\/wp\/v2\/types\/page"}],"author":[{"embeddable":true,"href":"https:\/\/riadmassiba-marrakech.net\/fr\/wp-json\/wp\/v2\/users\/4"}],"replies":[{"embeddable":true,"href":"https:\/\/riadmassiba-marrakech.net\/fr\/wp-json\/wp\/v2\/comments?post=865"}],"version-history":[{"count":5,"href":"https:\/\/riadmassiba-marrakech.net\/fr\/wp-json\/wp\/v2\/pages\/865\/revisions"}],"predecessor-version":[{"id":2251,"href":"https:\/\/riadmassiba-marrakech.net\/fr\/wp-json\/wp\/v2\/pages\/865\/revisions\/2251"}],"wp:featuredmedia":[{"embeddable":true,"href":"https:\/\/riadmassiba-marrakech.net\/fr\/wp-json\/wp\/v2\/media\/2647"}],"wp:attachment":[{"href":"https:\/\/riadmassiba-marrakech.net\/fr\/wp-json\/wp\/v2\/media?parent=865"}],"curies":[{"name":"wp","href":"https:\/\/api.w.org\/{rel}","templated":true}]}}